{"id":8492,"date":"2021-02-06T13:26:17","date_gmt":"2021-02-06T13:26:17","guid":{"rendered":"https:\/\/drlopezrios.com\/academic-appointments\/"},"modified":"2023-06-22T17:27:25","modified_gmt":"2023-06-22T17:27:25","slug":"academic-appointments","status":"publish","type":"page","link":"https:\/\/drlopezrios.com\/en\/academic-appointments\/","title":{"rendered":"Academic appointments"},"content":{"rendered":"\t\t<div data-elementor-type=\"wp-page\" data-elementor-id=\"8492\" class=\"elementor elementor-8492 elementor-6558\">\n\t\t\t\t\t\t<div class=\"elementor-inner\">\n\t\t\t\t<div class=\"elementor-section-wrap\">\n\t\t\t\t\t\t\t\t\t<section class=\"elementor-section elementor-top-section elementor-element elementor-element-ceb0a94 elementor-section-boxed elementor-section-height-default elementor-section-height-default\" data-id=\"ceb0a94\" data-element_type=\"section\">\n\t\t\t\t\t\t<div class=\"elementor-container elementor-column-gap-default\">\n\t\t\t\t\t\t\t<div class=\"elementor-row\">\n\t\t\t\t\t<div class=\"elementor-column elementor-col-100 elementor-top-column elementor-element elementor-element-6651681\" data-id=\"6651681\" data-element_type=\"column\">\n\t\t\t<div class=\"elementor-column-wrap elementor-element-populated\">\n\t\t\t\t\t\t\t<div class=\"elementor-widget-wrap\">\n\t\t\t\t\t\t<div class=\"elementor-element elementor-element-b64b503 elementor-widget elementor-widget-heading\" data-id=\"b64b503\" data-element_type=\"widget\" data-widget_type=\"heading.default\">\n\t\t\t\t<div class=\"elementor-widget-container\">\n\t\t\t<h2 class=\"elementor-heading-title elementor-size-default\">ACADEMIC APPOINTMENTS<br>Dr. Adolfo Alejandro L\u00f3pez Rios<\/h2>\t\t<\/div>\n\t\t\t\t<\/div>\n\t\t\t\t\t\t<\/div>\n\t\t\t\t\t<\/div>\n\t\t<\/div>\n\t\t\t\t\t\t\t\t<\/div>\n\t\t\t\t\t<\/div>\n\t\t<\/section>\n\t\t\t\t<section class=\"elementor-section elementor-top-section elementor-element elementor-element-bc9055f elementor-section-boxed elementor-section-height-default elementor-section-height-default\" data-id=\"bc9055f\" data-element_type=\"section\">\n\t\t\t\t\t\t<div class=\"elementor-container elementor-column-gap-default\">\n\t\t\t\t\t\t\t<div class=\"elementor-row\">\n\t\t\t\t\t<div class=\"elementor-column elementor-col-100 elementor-top-column elementor-element elementor-element-e909a51\" data-id=\"e909a51\" data-element_type=\"column\">\n\t\t\t<div class=\"elementor-column-wrap elementor-element-populated\">\n\t\t\t\t\t\t\t<div class=\"elementor-widget-wrap\">\n\t\t\t\t\t\t<div class=\"elementor-element elementor-element-73c9364 elementor-widget-divider--view-line elementor-widget elementor-widget-divider\" data-id=\"73c9364\" data-element_type=\"widget\" data-widget_type=\"divider.default\">\n\t\t\t\t<div class=\"elementor-widget-container\">\n\t\t\t\t\t<div class=\"elementor-divider\">\n\t\t\t<span class=\"elementor-divider-separator\">\n\t\t\t\t\t\t<\/span>\n\t\t<\/div>\n\t\t\t\t<\/div>\n\t\t\t\t<\/div>\n\t\t\t\t\t\t<\/div>\n\t\t\t\t\t<\/div>\n\t\t<\/div>\n\t\t\t\t\t\t\t\t<\/div>\n\t\t\t\t\t<\/div>\n\t\t<\/section>\n\t\t\t\t<section class=\"elementor-section elementor-top-section elementor-element elementor-element-11029d1 elementor-section-boxed elementor-section-height-default elementor-section-height-default\" data-id=\"11029d1\" data-element_type=\"section\">\n\t\t\t\t\t\t<div class=\"elementor-container elementor-column-gap-default\">\n\t\t\t\t\t\t\t<div class=\"elementor-row\">\n\t\t\t\t\t<div class=\"elementor-column elementor-col-100 elementor-top-column elementor-element elementor-element-4d24285\" data-id=\"4d24285\" data-element_type=\"column\">\n\t\t\t<div class=\"elementor-column-wrap elementor-element-populated\">\n\t\t\t\t\t\t\t<div class=\"elementor-widget-wrap\">\n\t\t\t\t\t\t<div class=\"elementor-element elementor-element-dddf3d0 elementor-widget elementor-widget-jet-mega-menu\" data-id=\"dddf3d0\" data-element_type=\"widget\" data-widget_type=\"jet-mega-menu.default\">\n\t\t\t\t<div class=\"elementor-widget-container\">\n\t\t\t<div class=\"menu-custom-resume-cv-ingles-container\"><div class=\"jet-menu-container\"><div class=\"jet-menu-inner\"><ul class=\"jet-menu jet-menu--animation-type-fade jet-menu--roll-up\"><li id=\"jet-menu-item-8554\" class=\"jet-menu-item jet-menu-item-type-post_type jet-menu-item-object-page jet-has-roll-up jet-simple-menu-item jet-regular-item jet-menu-item-8554\"><a href=\"https:\/\/drlopezrios.com\/en\/drlopezrios\/dr-adolfo-alejandro-lopez-rios-2\/\" class=\"top-level-link menu-link\"><div class=\"jet-menu-item-wrapper\"><div class=\"jet-menu-title\">Dr. Adolfo Alejandro Lopez Rios<\/div><\/div><\/a><\/li>\n<li id=\"jet-menu-item-8555\" class=\"jet-menu-item jet-menu-item-type-post_type jet-menu-item-object-page jet-has-roll-up jet-simple-menu-item jet-regular-item jet-menu-item-8555\"><a href=\"https:\/\/drlopezrios.com\/en\/professional-summary\/\" class=\"top-level-link menu-link\"><div class=\"jet-menu-item-wrapper\"><div class=\"jet-menu-title\">Professional Summary<\/div><\/div><\/a><\/li>\n<li id=\"jet-menu-item-8556\" class=\"jet-menu-item jet-menu-item-type-post_type jet-menu-item-object-page jet-has-roll-up jet-simple-menu-item jet-regular-item jet-menu-item-8556\"><a href=\"https:\/\/drlopezrios.com\/en\/current-appointments\/\" class=\"top-level-link menu-link\"><div class=\"jet-menu-item-wrapper\"><div class=\"jet-menu-title\">Current appointments<\/div><\/div><\/a><\/li>\n<li id=\"jet-menu-item-8557\" class=\"jet-menu-item jet-menu-item-type-post_type jet-menu-item-object-page jet-has-roll-up jet-simple-menu-item jet-regular-item jet-menu-item-8557\"><a href=\"https:\/\/drlopezrios.com\/en\/previous-appointments\/\" class=\"top-level-link menu-link\"><div class=\"jet-menu-item-wrapper\"><div class=\"jet-menu-title\">Previous appointments<\/div><\/div><\/a><\/li>\n<li id=\"jet-menu-item-8558\" class=\"jet-menu-item jet-menu-item-type-post_type jet-menu-item-object-page jet-has-roll-up jet-simple-menu-item jet-regular-item jet-menu-item-8558\"><a href=\"https:\/\/drlopezrios.com\/en\/education\/\" class=\"top-level-link menu-link\"><div class=\"jet-menu-item-wrapper\"><div class=\"jet-menu-title\">Education<\/div><\/div><\/a><\/li>\n<li id=\"jet-menu-item-8559\" class=\"jet-menu-item jet-menu-item-type-post_type jet-menu-item-object-page jet-has-roll-up jet-simple-menu-item jet-regular-item jet-menu-item-8559\"><a href=\"https:\/\/drlopezrios.com\/en\/academic-appointments\/\" class=\"top-level-link menu-link\"><div class=\"jet-menu-item-wrapper\"><div class=\"jet-menu-title\">Academic appointments<\/div><\/div><\/a><\/li>\n<li id=\"jet-menu-item-8560\" class=\"jet-menu-item jet-menu-item-type-post_type jet-menu-item-object-page jet-has-roll-up jet-simple-menu-item jet-regular-item jet-menu-item-8560\"><a href=\"https:\/\/drlopezrios.com\/en\/observerships\/\" class=\"top-level-link menu-link\"><div class=\"jet-menu-item-wrapper\"><div class=\"jet-menu-title\">Observerships<\/div><\/div><\/a><\/li>\n<li id=\"jet-menu-item-8561\" class=\"jet-menu-item jet-menu-item-type-post_type jet-menu-item-object-page jet-has-roll-up jet-simple-menu-item jet-regular-item jet-menu-item-8561\"><a href=\"https:\/\/drlopezrios.com\/en\/educational-awards\/\" class=\"top-level-link menu-link\"><div class=\"jet-menu-item-wrapper\"><div class=\"jet-menu-title\">Educational Awards<\/div><\/div><\/a><\/li>\n<li id=\"jet-menu-item-8562\" class=\"jet-menu-item jet-menu-item-type-post_type jet-menu-item-object-page jet-has-roll-up jet-simple-menu-item jet-regular-item jet-menu-item-8562\"><a href=\"https:\/\/drlopezrios.com\/en\/medical-practice-experience\/\" class=\"top-level-link menu-link\"><div class=\"jet-menu-item-wrapper\"><div class=\"jet-menu-title\">Medical practice experience<\/div><\/div><\/a><\/li>\n<li id=\"jet-menu-item-8563\" class=\"jet-menu-item jet-menu-item-type-post_type jet-menu-item-object-page jet-has-roll-up jet-simple-menu-item jet-regular-item jet-menu-item-8563\"><a href=\"https:\/\/drlopezrios.com\/en\/scholarly-activities-and-research-experience\/\" class=\"top-level-link menu-link\"><div class=\"jet-menu-item-wrapper\"><div class=\"jet-menu-title\">Scholarly activities and research experience<\/div><\/div><\/a><\/li>\n<li id=\"jet-menu-item-8564\" class=\"jet-menu-item jet-menu-item-type-post_type jet-menu-item-object-page jet-has-roll-up jet-simple-menu-item jet-regular-item jet-menu-item-8564\"><a href=\"https:\/\/drlopezrios.com\/en\/affiliations\/\" class=\"top-level-link menu-link\"><div class=\"jet-menu-item-wrapper\"><div class=\"jet-menu-title\">Affiliations<\/div><\/div><\/a><\/li>\n<li id=\"jet-menu-item-8565\" class=\"jet-menu-item jet-menu-item-type-post_type jet-menu-item-object-page jet-has-roll-up jet-simple-menu-item jet-regular-item jet-menu-item-8565\"><a href=\"https:\/\/drlopezrios.com\/en\/courses-and-meetings-attended\/\" class=\"top-level-link menu-link\"><div class=\"jet-menu-item-wrapper\"><div class=\"jet-menu-title\">Courses and meetings attended<\/div><\/div><\/a><\/li>\n<li id=\"jet-menu-item-8566\" class=\"jet-menu-item jet-menu-item-type-post_type jet-menu-item-object-page jet-has-roll-up jet-simple-menu-item jet-regular-item jet-menu-item-8566\"><a href=\"https:\/\/drlopezrios.com\/en\/volunteer-experience\/\" class=\"top-level-link menu-link\"><div class=\"jet-menu-item-wrapper\"><div class=\"jet-menu-title\">Volunteer experience<\/div><\/div><\/a><\/li>\n<li id=\"jet-menu-item-8567\" class=\"jet-menu-item jet-menu-item-type-post_type jet-menu-item-object-page jet-has-roll-up jet-simple-menu-item jet-regular-item jet-menu-item-8567\"><a href=\"https:\/\/drlopezrios.com\/en\/licenses-mcc-examinations-english-proficiency\/\" class=\"top-level-link menu-link\"><div class=\"jet-menu-item-wrapper\"><div class=\"jet-menu-title\">Licenses \u2013 MCC examinations<\/div><\/div><\/a><\/li>\n<\/ul><\/div><\/div><\/div>\t\t<\/div>\n\t\t\t\t<\/div>\n\t\t\t\t\t\t<\/div>\n\t\t\t\t\t<\/div>\n\t\t<\/div>\n\t\t\t\t\t\t\t\t<\/div>\n\t\t\t\t\t<\/div>\n\t\t<\/section>\n\t\t\t\t<section class=\"elementor-section elementor-top-section elementor-element elementor-element-027eab2 elementor-section-boxed elementor-section-height-default elementor-section-height-default\" data-id=\"027eab2\" data-element_type=\"section\">\n\t\t\t\t\t\t<div class=\"elementor-container elementor-column-gap-default\">\n\t\t\t\t\t\t\t<div class=\"elementor-row\">\n\t\t\t\t\t<div class=\"elementor-column elementor-col-100 elementor-top-column elementor-element elementor-element-79ebc14\" data-id=\"79ebc14\" data-element_type=\"column\">\n\t\t\t<div class=\"elementor-column-wrap elementor-element-populated\">\n\t\t\t\t\t\t\t<div class=\"elementor-widget-wrap\">\n\t\t\t\t\t\t<div class=\"elementor-element elementor-element-5cd58e4 elementor-widget-divider--view-line elementor-widget elementor-widget-divider\" data-id=\"5cd58e4\" data-element_type=\"widget\" data-widget_type=\"divider.default\">\n\t\t\t\t<div class=\"elementor-widget-container\">\n\t\t\t\t\t<div class=\"elementor-divider\">\n\t\t\t<span class=\"elementor-divider-separator\">\n\t\t\t\t\t\t<\/span>\n\t\t<\/div>\n\t\t\t\t<\/div>\n\t\t\t\t<\/div>\n\t\t\t\t\t\t<\/div>\n\t\t\t\t\t<\/div>\n\t\t<\/div>\n\t\t\t\t\t\t\t\t<\/div>\n\t\t\t\t\t<\/div>\n\t\t<\/section>\n\t\t\t\t<section class=\"elementor-section elementor-top-section elementor-element elementor-element-e1fdaf8 elementor-section-boxed elementor-section-height-default elementor-section-height-default\" data-id=\"e1fdaf8\" data-element_type=\"section\">\n\t\t\t\t\t\t<div class=\"elementor-container elementor-column-gap-default\">\n\t\t\t\t\t\t\t<div class=\"elementor-row\">\n\t\t\t\t\t<div class=\"elementor-column elementor-col-50 elementor-top-column elementor-element elementor-element-60e13bb\" data-id=\"60e13bb\" data-element_type=\"column\">\n\t\t\t<div class=\"elementor-column-wrap elementor-element-populated\">\n\t\t\t\t\t\t\t<div class=\"elementor-widget-wrap\">\n\t\t\t\t\t\t<div class=\"elementor-element elementor-element-06febac elementor-widget elementor-widget-spacer\" data-id=\"06febac\" data-element_type=\"widget\" data-widget_type=\"spacer.default\">\n\t\t\t\t<div class=\"elementor-widget-container\">\n\t\t\t\t\t<div class=\"elementor-spacer\">\n\t\t\t<div class=\"elementor-spacer-inner\"><\/div>\n\t\t<\/div>\n\t\t\t\t<\/div>\n\t\t\t\t<\/div>\n\t\t\t\t<div class=\"elementor-element elementor-element-e3b78c1 elementor-widget elementor-widget-image\" data-id=\"e3b78c1\" data-element_type=\"widget\" data-widget_type=\"image.default\">\n\t\t\t\t<div class=\"elementor-widget-container\">\n\t\t\t\t\t\t\t\t<div class=\"elementor-image\">\n\t\t\t\t\t\t\t\t\t\t\t\t\t<a href=\"http:\/\/www.udea.edu.co\/wps\/portal\/udea\/web\/inicio\/unidades-academicas\/medicina\/estudiar-facultad\/posgrados\/especializacion-cirugia-plastica-maxilofacial-mano\" target=\"_blank\">\n\t\t\t\t\t\t\t<img decoding=\"async\" width=\"218\" height=\"271\" src=\"https:\/\/drlopezrios.com\/wp-content\/uploads\/2020\/12\/1.png\" class=\"attachment-large size-large wp-image-1032\" alt=\"\" loading=\"lazy\" \/>\t\t\t\t\t\t\t\t<\/a>\n\t\t\t\t\t\t\t\t\t\t\t\t\t\t<\/div>\n\t\t\t\t\t\t<\/div>\n\t\t\t\t<\/div>\n\t\t\t\t\t\t<\/div>\n\t\t\t\t\t<\/div>\n\t\t<\/div>\n\t\t\t\t<div class=\"elementor-column elementor-col-50 elementor-top-column elementor-element elementor-element-89c6ac1\" data-id=\"89c6ac1\" data-element_type=\"column\">\n\t\t\t<div class=\"elementor-column-wrap elementor-element-populated\">\n\t\t\t\t\t\t\t<div class=\"elementor-widget-wrap\">\n\t\t\t\t\t\t<div class=\"elementor-element elementor-element-6abdaa1 elementor-widget elementor-widget-heading\" data-id=\"6abdaa1\" data-element_type=\"widget\" data-widget_type=\"heading.default\">\n\t\t\t\t<div class=\"elementor-widget-container\">\n\t\t\t<h2 class=\"elementor-heading-title elementor-size-default\">Associate Professor, Department of Surgery, Division of Plastic Surgery<\/h2>\t\t<\/div>\n\t\t\t\t<\/div>\n\t\t\t\t<div class=\"elementor-element elementor-element-1316b54 elementor-widget elementor-widget-text-editor\" data-id=\"1316b54\" data-element_type=\"widget\" data-widget_type=\"text-editor.default\">\n\t\t\t\t<div class=\"elementor-widget-container\">\n\t\t\t\t\t\t\t\t<div class=\"elementor-text-editor elementor-clearfix\">\n\t\t\t\t<p><a href=\"http:\/\/www.udea.edu.co\/wps\/portal\/udea\/web\/inicio\/unidades-academicas\/medicina\/estudiar-facultad\/posgrados\/especializacion-cirugia-plastica-maxilofacial-mano\" target=\"_blank\" rel=\"noopener\"><strong>University of Antioquia. Medell\u00edn, Colombia. <\/strong><\/a><\/p>\n<p>August 2014 \u2013 September 2019.<\/p>\n<p>Director \u2013 Supervisor Dr. Alfredo Patron. <\/p>\n<p>Telephone (57 4) 2192470 <\/p>\n<p><a href=\"mailto:alfredo.patron@udea.edu.co\">alfredo.patron@udea.edu.co<\/a><\/p>\n<ul>\n<li>Bedside teaching with medical students and residents.<\/li>\n<li>Evaluating and participating in seminars with medical students and residents.<\/li>\n<li>Lectures to scrub practitioners about plastic surgery procedures and techniques.<\/li>\n<li>Developing research projects.<\/li>\n<li>Operating and following up with patients in the surgical setting with medical students and residents.<\/li>\n<li>Implementing plastic surgery online curses, telemedicine, Moodle, videos and forums.<\/li>\n<\/ul>\n\t\t\t\t\t<\/div>\n\t\t\t\t\t\t<\/div>\n\t\t\t\t<\/div>\n\t\t\t\t\t\t<\/div>\n\t\t\t\t\t<\/div>\n\t\t<\/div>\n\t\t\t\t\t\t\t\t<\/div>\n\t\t\t\t\t<\/div>\n\t\t<\/section>\n\t\t\t\t<section class=\"elementor-section elementor-top-section elementor-element elementor-element-77f46dc elementor-section-boxed elementor-section-height-default elementor-section-height-default\" data-id=\"77f46dc\" data-element_type=\"section\">\n\t\t\t\t\t\t<div class=\"elementor-container elementor-column-gap-default\">\n\t\t\t\t\t\t\t<div class=\"elementor-row\">\n\t\t\t\t\t<div class=\"elementor-column elementor-col-100 elementor-top-column elementor-element elementor-element-d0258a1\" data-id=\"d0258a1\" data-element_type=\"column\">\n\t\t\t<div class=\"elementor-column-wrap elementor-element-populated\">\n\t\t\t\t\t\t\t<div class=\"elementor-widget-wrap\">\n\t\t\t\t\t\t<div class=\"elementor-element elementor-element-869a6e4 elementor-widget-divider--view-line elementor-widget elementor-widget-divider\" data-id=\"869a6e4\" data-element_type=\"widget\" data-widget_type=\"divider.default\">\n\t\t\t\t<div class=\"elementor-widget-container\">\n\t\t\t\t\t<div class=\"elementor-divider\">\n\t\t\t<span class=\"elementor-divider-separator\">\n\t\t\t\t\t\t<\/span>\n\t\t<\/div>\n\t\t\t\t<\/div>\n\t\t\t\t<\/div>\n\t\t\t\t\t\t<\/div>\n\t\t\t\t\t<\/div>\n\t\t<\/div>\n\t\t\t\t\t\t\t\t<\/div>\n\t\t\t\t\t<\/div>\n\t\t<\/section>\n\t\t\t\t<section class=\"elementor-section elementor-top-section elementor-element elementor-element-90431d8 elementor-section-boxed elementor-section-height-default elementor-section-height-default\" data-id=\"90431d8\" data-element_type=\"section\">\n\t\t\t\t\t\t<div class=\"elementor-container elementor-column-gap-default\">\n\t\t\t\t\t\t\t<div class=\"elementor-row\">\n\t\t\t\t\t<div class=\"elementor-column elementor-col-100 elementor-top-column elementor-element elementor-element-034ff22\" data-id=\"034ff22\" data-element_type=\"column\">\n\t\t\t<div class=\"elementor-column-wrap elementor-element-populated\">\n\t\t\t\t\t\t\t<div class=\"elementor-widget-wrap\">\n\t\t\t\t\t\t<div class=\"elementor-element elementor-element-b229f43 elementor-align-center elementor-widget elementor-widget-button\" data-id=\"b229f43\" data-element_type=\"widget\" data-widget_type=\"button.default\">\n\t\t\t\t<div class=\"elementor-widget-container\">\n\t\t\t\t\t<div class=\"elementor-button-wrapper\">\n\t\t\t<a class=\"elementor-button elementor-button-link elementor-size-sm\" href=\"https:\/\/drlopezrios.com\/drlopezrios\/adolfo-lopez-en\/\">\n\t\t\t\t\t\t<span class=\"elementor-button-content-wrapper\">\n\t\t\t\t\t\t<span class=\"elementor-button-text\">Back<\/span>\n\t\t<\/span>\n\t\t\t\t\t<\/a>\n\t\t<\/div>\n\t\t\t\t<\/div>\n\t\t\t\t<\/div>\n\t\t\t\t\t\t<\/div>\n\t\t\t\t\t<\/div>\n\t\t<\/div>\n\t\t\t\t\t\t\t\t<\/div>\n\t\t\t\t\t<\/div>\n\t\t<\/section>\n\t\t\t\t<section class=\"elementor-section elementor-top-section elementor-element elementor-element-b18c1f5 elementor-section-boxed elementor-section-height-default elementor-section-height-default\" data-id=\"b18c1f5\" data-element_type=\"section\">\n\t\t\t\t\t\t<div class=\"elementor-container elementor-column-gap-default\">\n\t\t\t\t\t\t\t<div class=\"elementor-row\">\n\t\t\t\t\t<div class=\"elementor-column elementor-col-100 elementor-top-column elementor-element elementor-element-3c4dba7\" data-id=\"3c4dba7\" data-element_type=\"column\">\n\t\t\t<div class=\"elementor-column-wrap elementor-element-populated\">\n\t\t\t\t\t\t\t<div class=\"elementor-widget-wrap\">\n\t\t\t\t\t\t<div class=\"elementor-element elementor-element-41289b9 elementor-widget-divider--view-line elementor-widget elementor-widget-divider\" data-id=\"41289b9\" data-element_type=\"widget\" data-widget_type=\"divider.default\">\n\t\t\t\t<div class=\"elementor-widget-container\">\n\t\t\t\t\t<div class=\"elementor-divider\">\n\t\t\t<span class=\"elementor-divider-separator\">\n\t\t\t\t\t\t<\/span>\n\t\t<\/div>\n\t\t\t\t<\/div>\n\t\t\t\t<\/div>\n\t\t\t\t\t\t<\/div>\n\t\t\t\t\t<\/div>\n\t\t<\/div>\n\t\t\t\t\t\t\t\t<\/div>\n\t\t\t\t\t<\/div>\n\t\t<\/section>\n\t\t\t\t\t\t\t\t\t<\/div>\n\t\t\t<\/div>\n\t\t\t\t\t<\/div>\n\t\t","protected":false},"excerpt":{"rendered":"<p>ACADEMIC APPOINTMENTSDr. Adolfo Alejandro L\u00f3pez Rios Dr. Adolfo Alejandro Lopez Rios Resumen profesional Empleo actual Empleos previos Educaci\u00f3n Empleos acad\u00e9micos Visitas cl\u00ednicas o pasant\u00edas Premios acad\u00e9micos Experiencia m\u00e9dica Experiencia investigativa Afiliaciones acad\u00e9micas Cursos y reuniones acad\u00e9micas Voluntariados Licencias \u2013 Ex\u00e1menes m\u00e9dicos y de Ingl\u00e9s Associate Professor, Department of Surgery, Division of Plastic Surgery University of &hellip;<\/p>\n<p class=\"read-more\"> <a class=\"\" href=\"https:\/\/drlopezrios.com\/en\/academic-appointments\/\"> <span class=\"screen-reader-text\">Academic appointments<\/span> Read More &raquo;<\/a><\/p>\n","protected":false},"author":2,"featured_media":0,"parent":0,"menu_order":0,"comment_status":"closed","ping_status":"closed","template":"","meta":{"site-sidebar-layout":"no-sidebar","site-content-layout":"page-builder","ast-global-header-display":"","ast-banner-title-visibility":"","ast-main-header-display":"","ast-hfb-above-header-display":"","ast-hfb-below-header-display":"","ast-hfb-mobile-header-display":"","site-post-title":"disabled","ast-breadcrumbs-content":"","ast-featured-img":"disabled","footer-sml-layout":"","theme-transparent-header-meta":"","adv-header-id-meta":"","stick-header-meta":"","header-above-stick-meta":"","header-main-stick-meta":"","header-below-stick-meta":""},"meta_box":[],"_links":{"self":[{"href":"https:\/\/drlopezrios.com\/en\/wp-json\/wp\/v2\/pages\/8492"}],"collection":[{"href":"https:\/\/drlopezrios.com\/en\/wp-json\/wp\/v2\/pages"}],"about":[{"href":"https:\/\/drlopezrios.com\/en\/wp-json\/wp\/v2\/types\/page"}],"author":[{"embeddable":true,"href":"https:\/\/drlopezrios.com\/en\/wp-json\/wp\/v2\/users\/2"}],"replies":[{"embeddable":true,"href":"https:\/\/drlopezrios.com\/en\/wp-json\/wp\/v2\/comments?post=8492"}],"version-history":[{"count":4,"href":"https:\/\/drlopezrios.com\/en\/wp-json\/wp\/v2\/pages\/8492\/revisions"}],"predecessor-version":[{"id":9228,"href":"https:\/\/drlopezrios.com\/en\/wp-json\/wp\/v2\/pages\/8492\/revisions\/9228"}],"wp:attachment":[{"href":"https:\/\/drlopezrios.com\/en\/wp-json\/wp\/v2\/media?parent=8492"}],"curies":[{"name":"wp","href":"https:\/\/api.w.org\/{rel}","templated":true}]}}