{"id":8494,"date":"2021-02-06T14:14:29","date_gmt":"2021-02-06T14:14:29","guid":{"rendered":"https:\/\/drlopezrios.com\/educational-awards\/"},"modified":"2023-06-22T17:28:40","modified_gmt":"2023-06-22T17:28:40","slug":"educational-awards","status":"publish","type":"page","link":"https:\/\/drlopezrios.com\/en\/educational-awards\/","title":{"rendered":"Educational Awards"},"content":{"rendered":"\t\t<div data-elementor-type=\"wp-page\" data-elementor-id=\"8494\" class=\"elementor elementor-8494 elementor-6593\">\n\t\t\t\t\t\t<div class=\"elementor-inner\">\n\t\t\t\t<div class=\"elementor-section-wrap\">\n\t\t\t\t\t\t\t\t\t<section class=\"elementor-section elementor-top-section elementor-element elementor-element-f3fabee elementor-section-boxed elementor-section-height-default elementor-section-height-default\" data-id=\"f3fabee\" data-element_type=\"section\">\n\t\t\t\t\t\t<div class=\"elementor-container elementor-column-gap-default\">\n\t\t\t\t\t\t\t<div class=\"elementor-row\">\n\t\t\t\t\t<div class=\"elementor-column elementor-col-100 elementor-top-column elementor-element elementor-element-0c341aa\" data-id=\"0c341aa\" data-element_type=\"column\">\n\t\t\t<div class=\"elementor-column-wrap elementor-element-populated\">\n\t\t\t\t\t\t\t<div class=\"elementor-widget-wrap\">\n\t\t\t\t\t\t<div class=\"elementor-element elementor-element-2d9567a elementor-widget elementor-widget-heading\" data-id=\"2d9567a\" data-element_type=\"widget\" data-widget_type=\"heading.default\">\n\t\t\t\t<div class=\"elementor-widget-container\">\n\t\t\t<h2 class=\"elementor-heading-title elementor-size-default\">EDUCATIONAL AWARDS\n<br>Dr. Adolfo Alejandro L\u00f3pez Rios<\/h2>\t\t<\/div>\n\t\t\t\t<\/div>\n\t\t\t\t\t\t<\/div>\n\t\t\t\t\t<\/div>\n\t\t<\/div>\n\t\t\t\t\t\t\t\t<\/div>\n\t\t\t\t\t<\/div>\n\t\t<\/section>\n\t\t\t\t<section class=\"elementor-section elementor-top-section elementor-element elementor-element-dc8b45f elementor-section-boxed elementor-section-height-default elementor-section-height-default\" data-id=\"dc8b45f\" data-element_type=\"section\">\n\t\t\t\t\t\t<div class=\"elementor-container elementor-column-gap-default\">\n\t\t\t\t\t\t\t<div class=\"elementor-row\">\n\t\t\t\t\t<div class=\"elementor-column elementor-col-100 elementor-top-column elementor-element elementor-element-153adfc\" data-id=\"153adfc\" data-element_type=\"column\">\n\t\t\t<div class=\"elementor-column-wrap elementor-element-populated\">\n\t\t\t\t\t\t\t<div class=\"elementor-widget-wrap\">\n\t\t\t\t\t\t<div class=\"elementor-element elementor-element-361073f elementor-widget-divider--view-line elementor-widget elementor-widget-divider\" data-id=\"361073f\" data-element_type=\"widget\" data-widget_type=\"divider.default\">\n\t\t\t\t<div class=\"elementor-widget-container\">\n\t\t\t\t\t<div class=\"elementor-divider\">\n\t\t\t<span class=\"elementor-divider-separator\">\n\t\t\t\t\t\t<\/span>\n\t\t<\/div>\n\t\t\t\t<\/div>\n\t\t\t\t<\/div>\n\t\t\t\t\t\t<\/div>\n\t\t\t\t\t<\/div>\n\t\t<\/div>\n\t\t\t\t\t\t\t\t<\/div>\n\t\t\t\t\t<\/div>\n\t\t<\/section>\n\t\t\t\t<section class=\"elementor-section elementor-top-section elementor-element elementor-element-2e08901 elementor-section-boxed elementor-section-height-default elementor-section-height-default\" data-id=\"2e08901\" data-element_type=\"section\">\n\t\t\t\t\t\t<div class=\"elementor-container elementor-column-gap-default\">\n\t\t\t\t\t\t\t<div class=\"elementor-row\">\n\t\t\t\t\t<div class=\"elementor-column elementor-col-100 elementor-top-column elementor-element elementor-element-e42ae5f\" data-id=\"e42ae5f\" data-element_type=\"column\">\n\t\t\t<div class=\"elementor-column-wrap elementor-element-populated\">\n\t\t\t\t\t\t\t<div class=\"elementor-widget-wrap\">\n\t\t\t\t\t\t<div class=\"elementor-element elementor-element-6366595 elementor-widget elementor-widget-jet-mega-menu\" data-id=\"6366595\" data-element_type=\"widget\" data-widget_type=\"jet-mega-menu.default\">\n\t\t\t\t<div class=\"elementor-widget-container\">\n\t\t\t<div class=\"menu-custom-resume-cv-ingles-container\"><div class=\"jet-menu-container\"><div class=\"jet-menu-inner\"><ul class=\"jet-menu jet-menu--animation-type-fade jet-menu--roll-up\"><li id=\"jet-menu-item-8554\" class=\"jet-menu-item jet-menu-item-type-post_type jet-menu-item-object-page jet-has-roll-up jet-simple-menu-item jet-regular-item jet-menu-item-8554\"><a href=\"https:\/\/drlopezrios.com\/en\/drlopezrios\/dr-adolfo-alejandro-lopez-rios-2\/\" class=\"top-level-link menu-link\"><div class=\"jet-menu-item-wrapper\"><div class=\"jet-menu-title\">Dr. Adolfo Alejandro Lopez Rios<\/div><\/div><\/a><\/li>\n<li id=\"jet-menu-item-8555\" class=\"jet-menu-item jet-menu-item-type-post_type jet-menu-item-object-page jet-has-roll-up jet-simple-menu-item jet-regular-item jet-menu-item-8555\"><a href=\"https:\/\/drlopezrios.com\/en\/professional-summary\/\" class=\"top-level-link menu-link\"><div class=\"jet-menu-item-wrapper\"><div class=\"jet-menu-title\">Professional Summary<\/div><\/div><\/a><\/li>\n<li id=\"jet-menu-item-8556\" class=\"jet-menu-item jet-menu-item-type-post_type jet-menu-item-object-page jet-has-roll-up jet-simple-menu-item jet-regular-item jet-menu-item-8556\"><a href=\"https:\/\/drlopezrios.com\/en\/current-appointments\/\" class=\"top-level-link menu-link\"><div class=\"jet-menu-item-wrapper\"><div class=\"jet-menu-title\">Current appointments<\/div><\/div><\/a><\/li>\n<li id=\"jet-menu-item-8557\" class=\"jet-menu-item jet-menu-item-type-post_type jet-menu-item-object-page jet-has-roll-up jet-simple-menu-item jet-regular-item jet-menu-item-8557\"><a href=\"https:\/\/drlopezrios.com\/en\/previous-appointments\/\" class=\"top-level-link menu-link\"><div class=\"jet-menu-item-wrapper\"><div class=\"jet-menu-title\">Previous appointments<\/div><\/div><\/a><\/li>\n<li id=\"jet-menu-item-8558\" class=\"jet-menu-item jet-menu-item-type-post_type jet-menu-item-object-page jet-has-roll-up jet-simple-menu-item jet-regular-item jet-menu-item-8558\"><a href=\"https:\/\/drlopezrios.com\/en\/education\/\" class=\"top-level-link menu-link\"><div class=\"jet-menu-item-wrapper\"><div class=\"jet-menu-title\">Education<\/div><\/div><\/a><\/li>\n<li id=\"jet-menu-item-8559\" class=\"jet-menu-item jet-menu-item-type-post_type jet-menu-item-object-page jet-has-roll-up jet-simple-menu-item jet-regular-item jet-menu-item-8559\"><a href=\"https:\/\/drlopezrios.com\/en\/academic-appointments\/\" class=\"top-level-link menu-link\"><div class=\"jet-menu-item-wrapper\"><div class=\"jet-menu-title\">Academic appointments<\/div><\/div><\/a><\/li>\n<li id=\"jet-menu-item-8560\" class=\"jet-menu-item jet-menu-item-type-post_type jet-menu-item-object-page jet-has-roll-up jet-simple-menu-item jet-regular-item jet-menu-item-8560\"><a href=\"https:\/\/drlopezrios.com\/en\/observerships\/\" class=\"top-level-link menu-link\"><div class=\"jet-menu-item-wrapper\"><div class=\"jet-menu-title\">Observerships<\/div><\/div><\/a><\/li>\n<li id=\"jet-menu-item-8561\" class=\"jet-menu-item jet-menu-item-type-post_type jet-menu-item-object-page jet-has-roll-up jet-simple-menu-item jet-regular-item jet-menu-item-8561\"><a href=\"https:\/\/drlopezrios.com\/en\/educational-awards\/\" class=\"top-level-link menu-link\"><div class=\"jet-menu-item-wrapper\"><div class=\"jet-menu-title\">Educational Awards<\/div><\/div><\/a><\/li>\n<li id=\"jet-menu-item-8562\" class=\"jet-menu-item jet-menu-item-type-post_type jet-menu-item-object-page jet-has-roll-up jet-simple-menu-item jet-regular-item jet-menu-item-8562\"><a href=\"https:\/\/drlopezrios.com\/en\/medical-practice-experience\/\" class=\"top-level-link menu-link\"><div class=\"jet-menu-item-wrapper\"><div class=\"jet-menu-title\">Medical practice experience<\/div><\/div><\/a><\/li>\n<li id=\"jet-menu-item-8563\" class=\"jet-menu-item jet-menu-item-type-post_type jet-menu-item-object-page jet-has-roll-up jet-simple-menu-item jet-regular-item jet-menu-item-8563\"><a href=\"https:\/\/drlopezrios.com\/en\/scholarly-activities-and-research-experience\/\" class=\"top-level-link menu-link\"><div class=\"jet-menu-item-wrapper\"><div class=\"jet-menu-title\">Scholarly activities and research experience<\/div><\/div><\/a><\/li>\n<li id=\"jet-menu-item-8564\" class=\"jet-menu-item jet-menu-item-type-post_type jet-menu-item-object-page jet-has-roll-up jet-simple-menu-item jet-regular-item jet-menu-item-8564\"><a href=\"https:\/\/drlopezrios.com\/en\/affiliations\/\" class=\"top-level-link menu-link\"><div class=\"jet-menu-item-wrapper\"><div class=\"jet-menu-title\">Affiliations<\/div><\/div><\/a><\/li>\n<li id=\"jet-menu-item-8565\" class=\"jet-menu-item jet-menu-item-type-post_type jet-menu-item-object-page jet-has-roll-up jet-simple-menu-item jet-regular-item jet-menu-item-8565\"><a href=\"https:\/\/drlopezrios.com\/en\/courses-and-meetings-attended\/\" class=\"top-level-link menu-link\"><div class=\"jet-menu-item-wrapper\"><div class=\"jet-menu-title\">Courses and meetings attended<\/div><\/div><\/a><\/li>\n<li id=\"jet-menu-item-8566\" class=\"jet-menu-item jet-menu-item-type-post_type jet-menu-item-object-page jet-has-roll-up jet-simple-menu-item jet-regular-item jet-menu-item-8566\"><a href=\"https:\/\/drlopezrios.com\/en\/volunteer-experience\/\" class=\"top-level-link menu-link\"><div class=\"jet-menu-item-wrapper\"><div class=\"jet-menu-title\">Volunteer experience<\/div><\/div><\/a><\/li>\n<li id=\"jet-menu-item-8567\" class=\"jet-menu-item jet-menu-item-type-post_type jet-menu-item-object-page jet-has-roll-up jet-simple-menu-item jet-regular-item jet-menu-item-8567\"><a href=\"https:\/\/drlopezrios.com\/en\/licenses-mcc-examinations-english-proficiency\/\" class=\"top-level-link menu-link\"><div class=\"jet-menu-item-wrapper\"><div class=\"jet-menu-title\">Licenses \u2013 MCC examinations<\/div><\/div><\/a><\/li>\n<\/ul><\/div><\/div><\/div>\t\t<\/div>\n\t\t\t\t<\/div>\n\t\t\t\t\t\t<\/div>\n\t\t\t\t\t<\/div>\n\t\t<\/div>\n\t\t\t\t\t\t\t\t<\/div>\n\t\t\t\t\t<\/div>\n\t\t<\/section>\n\t\t\t\t<section class=\"elementor-section elementor-top-section elementor-element elementor-element-d00c32a elementor-section-boxed elementor-section-height-default elementor-section-height-default\" data-id=\"d00c32a\" data-element_type=\"section\">\n\t\t\t\t\t\t<div class=\"elementor-container elementor-column-gap-default\">\n\t\t\t\t\t\t\t<div class=\"elementor-row\">\n\t\t\t\t\t<div class=\"elementor-column elementor-col-100 elementor-top-column elementor-element elementor-element-145c6f4\" data-id=\"145c6f4\" data-element_type=\"column\">\n\t\t\t<div class=\"elementor-column-wrap elementor-element-populated\">\n\t\t\t\t\t\t\t<div class=\"elementor-widget-wrap\">\n\t\t\t\t\t\t<div class=\"elementor-element elementor-element-2e25d1d elementor-widget-divider--view-line elementor-widget elementor-widget-divider\" data-id=\"2e25d1d\" data-element_type=\"widget\" data-widget_type=\"divider.default\">\n\t\t\t\t<div class=\"elementor-widget-container\">\n\t\t\t\t\t<div class=\"elementor-divider\">\n\t\t\t<span class=\"elementor-divider-separator\">\n\t\t\t\t\t\t<\/span>\n\t\t<\/div>\n\t\t\t\t<\/div>\n\t\t\t\t<\/div>\n\t\t\t\t\t\t<\/div>\n\t\t\t\t\t<\/div>\n\t\t<\/div>\n\t\t\t\t\t\t\t\t<\/div>\n\t\t\t\t\t<\/div>\n\t\t<\/section>\n\t\t\t\t<section class=\"elementor-section elementor-top-section elementor-element elementor-element-df1881c elementor-section-boxed elementor-section-height-default elementor-section-height-default\" data-id=\"df1881c\" data-element_type=\"section\">\n\t\t\t\t\t\t<div class=\"elementor-container elementor-column-gap-default\">\n\t\t\t\t\t\t\t<div class=\"elementor-row\">\n\t\t\t\t\t<div class=\"elementor-column elementor-col-50 elementor-top-column elementor-element elementor-element-6659592\" data-id=\"6659592\" data-element_type=\"column\">\n\t\t\t<div class=\"elementor-column-wrap elementor-element-populated\">\n\t\t\t\t\t\t\t<div class=\"elementor-widget-wrap\">\n\t\t\t\t\t\t<div class=\"elementor-element elementor-element-3996436 elementor-widget elementor-widget-image\" data-id=\"3996436\" data-element_type=\"widget\" data-widget_type=\"image.default\">\n\t\t\t\t<div class=\"elementor-widget-container\">\n\t\t\t\t\t\t\t\t<div class=\"elementor-image\">\n\t\t\t\t\t\t\t\t\t\t\t\t\t<a href=\"http:\/\/www.udea.edu.co\/wps\/portal\/udea\/web\/generales\/interna\/!ut\/p\/z0\/fY5Ba8MwDIV_TY7GXhhddwxhDEpPG4zWlyFsNdNmW4kth9FfPzewwy47SQ997z1pq0_aJlhpAiFOEJo-2937_nHs74Z7c3x-OYxm2I3D08Pr27Hf9_qg7f9AS6DPZbGDto6T4Lfo08xZIFSP0Bkof9UHR_zdKRUhqW77pTM1kQePRYFrI5KDcqMu4GqQ26EzET05Spt7q2sW3qhApTHcGQzKcSRMV1YeVU2gJMOKhUBNuc6spkohYI6sVgxQlopXJZAmyHRBPX_Z8w9pgQEs\/\" target=\"_blank\">\n\t\t\t\t\t\t\t<img decoding=\"async\" width=\"1024\" height=\"465\" src=\"https:\/\/drlopezrios.com\/wp-content\/uploads\/2021\/02\/Facultad-de-Medicina-UdeA-1024x465.png\" class=\"attachment-large size-large wp-image-6594\" alt=\"\" loading=\"lazy\" srcset=\"https:\/\/drlopezrios.com\/wp-content\/uploads\/2021\/02\/Facultad-de-Medicina-UdeA-1024x465.png 1024w, https:\/\/drlopezrios.com\/wp-content\/uploads\/2021\/02\/Facultad-de-Medicina-UdeA-300x136.png 300w, https:\/\/drlopezrios.com\/wp-content\/uploads\/2021\/02\/Facultad-de-Medicina-UdeA-768x349.png 768w, https:\/\/drlopezrios.com\/wp-content\/uploads\/2021\/02\/Facultad-de-Medicina-UdeA-1536x697.png 1536w, https:\/\/drlopezrios.com\/wp-content\/uploads\/2021\/02\/Facultad-de-Medicina-UdeA-2048x930.png 2048w\" sizes=\"(max-width: 1024px) 100vw, 1024px\" \/>\t\t\t\t\t\t\t\t<\/a>\n\t\t\t\t\t\t\t\t\t\t\t\t\t\t<\/div>\n\t\t\t\t\t\t<\/div>\n\t\t\t\t<\/div>\n\t\t\t\t\t\t<\/div>\n\t\t\t\t\t<\/div>\n\t\t<\/div>\n\t\t\t\t<div class=\"elementor-column elementor-col-50 elementor-top-column elementor-element elementor-element-518eebd\" data-id=\"518eebd\" data-element_type=\"column\">\n\t\t\t<div class=\"elementor-column-wrap elementor-element-populated\">\n\t\t\t\t\t\t\t<div class=\"elementor-widget-wrap\">\n\t\t\t\t\t\t<div class=\"elementor-element elementor-element-9746abb elementor-widget elementor-widget-heading\" data-id=\"9746abb\" data-element_type=\"widget\" data-widget_type=\"heading.default\">\n\t\t\t\t<div class=\"elementor-widget-container\">\n\t\t\t<h2 class=\"elementor-heading-title elementor-size-default\">Scholarship Guillermo Velasquez Tangarife<\/h2>\t\t<\/div>\n\t\t\t\t<\/div>\n\t\t\t\t<div class=\"elementor-element elementor-element-1c27aa5 elementor-widget elementor-widget-text-editor\" data-id=\"1c27aa5\" data-element_type=\"widget\" data-widget_type=\"text-editor.default\">\n\t\t\t\t<div class=\"elementor-widget-container\">\n\t\t\t\t\t\t\t\t<div class=\"elementor-text-editor elementor-clearfix\">\n\t\t\t\t<p>University of Antioquia, Medellin, Colombia, 2001.<\/p>\n<p>This scholarship allowed me to visit two international hospitals at the end of my Internship.<\/p>\n<ul>\n<li>Observers in Plastic Surgery, Imperial College Healthcare of London. Charing Cross Hospital. London, England. May 2002-July 2002.<\/li>\n<li>Scholarship holder in Transplant Coordination. Clinic Hospital of Barcelona. Transplant Service Foundation. Coordination Unit of Transplants. Barcelona, Spain. July 2002 \u2013September 2002.<\/li>\n<\/ul>\n<p><a href=\"http:\/\/www.udea.edu.co\/wps\/portal\/udea\/web\/generales\/interna\/!ut\/p\/z0\/fY5Ba8MwDIV_TY7GXhhddwxhDEpPG4zWlyFsNdNmW4kth9FfPzewwy47SQ997z1pq0_aJlhpAiFOEJo-2937_nHs74Z7c3x-OYxm2I3D08Pr27Hf9_qg7f9AS6DPZbGDto6T4Lfo08xZIFSP0Bkof9UHR_zdKRUhqW77pTM1kQePRYFrI5KDcqMu4GqQ26EzET05Spt7q2sW3qhApTHcGQzKcSRMV1YeVU2gJMOKhUBNuc6spkohYI6sVgxQlopXJZAmyHRBPX_Z8w9pgQEs\/\" target=\"_blank\" rel=\"noopener\">Grupo Guillermo Vel\u00e1squez Tangarife<\/a><\/p>\n\t\t\t\t\t<\/div>\n\t\t\t\t\t\t<\/div>\n\t\t\t\t<\/div>\n\t\t\t\t\t\t<\/div>\n\t\t\t\t\t<\/div>\n\t\t<\/div>\n\t\t\t\t\t\t\t\t<\/div>\n\t\t\t\t\t<\/div>\n\t\t<\/section>\n\t\t\t\t<section class=\"elementor-section elementor-top-section elementor-element elementor-element-313b804 elementor-section-boxed elementor-section-height-default elementor-section-height-default\" data-id=\"313b804\" data-element_type=\"section\">\n\t\t\t\t\t\t<div class=\"elementor-container elementor-column-gap-default\">\n\t\t\t\t\t\t\t<div class=\"elementor-row\">\n\t\t\t\t\t<div class=\"elementor-column elementor-col-100 elementor-top-column elementor-element elementor-element-6a4fc5f\" data-id=\"6a4fc5f\" data-element_type=\"column\">\n\t\t\t<div class=\"elementor-column-wrap elementor-element-populated\">\n\t\t\t\t\t\t\t<div class=\"elementor-widget-wrap\">\n\t\t\t\t\t\t<div class=\"elementor-element elementor-element-e35bab7 elementor-widget elementor-widget-spacer\" data-id=\"e35bab7\" data-element_type=\"widget\" data-widget_type=\"spacer.default\">\n\t\t\t\t<div class=\"elementor-widget-container\">\n\t\t\t\t\t<div class=\"elementor-spacer\">\n\t\t\t<div class=\"elementor-spacer-inner\"><\/div>\n\t\t<\/div>\n\t\t\t\t<\/div>\n\t\t\t\t<\/div>\n\t\t\t\t\t\t<\/div>\n\t\t\t\t\t<\/div>\n\t\t<\/div>\n\t\t\t\t\t\t\t\t<\/div>\n\t\t\t\t\t<\/div>\n\t\t<\/section>\n\t\t\t\t<section class=\"elementor-section elementor-top-section elementor-element elementor-element-8f7f5a1 elementor-section-boxed elementor-section-height-default elementor-section-height-default\" data-id=\"8f7f5a1\" data-element_type=\"section\">\n\t\t\t\t\t\t<div class=\"elementor-container elementor-column-gap-default\">\n\t\t\t\t\t\t\t<div class=\"elementor-row\">\n\t\t\t\t\t<div class=\"elementor-column elementor-col-100 elementor-top-column elementor-element elementor-element-9130985\" data-id=\"9130985\" data-element_type=\"column\">\n\t\t\t<div class=\"elementor-column-wrap elementor-element-populated\">\n\t\t\t\t\t\t\t<div class=\"elementor-widget-wrap\">\n\t\t\t\t\t\t<div class=\"elementor-element elementor-element-0f69b22 elementor-widget-divider--view-line elementor-widget elementor-widget-divider\" data-id=\"0f69b22\" data-element_type=\"widget\" data-widget_type=\"divider.default\">\n\t\t\t\t<div class=\"elementor-widget-container\">\n\t\t\t\t\t<div class=\"elementor-divider\">\n\t\t\t<span class=\"elementor-divider-separator\">\n\t\t\t\t\t\t<\/span>\n\t\t<\/div>\n\t\t\t\t<\/div>\n\t\t\t\t<\/div>\n\t\t\t\t\t\t<\/div>\n\t\t\t\t\t<\/div>\n\t\t<\/div>\n\t\t\t\t\t\t\t\t<\/div>\n\t\t\t\t\t<\/div>\n\t\t<\/section>\n\t\t\t\t<section class=\"elementor-section elementor-top-section elementor-element elementor-element-168f7d1 elementor-section-boxed elementor-section-height-default elementor-section-height-default\" data-id=\"168f7d1\" data-element_type=\"section\">\n\t\t\t\t\t\t<div class=\"elementor-container elementor-column-gap-default\">\n\t\t\t\t\t\t\t<div class=\"elementor-row\">\n\t\t\t\t\t<div class=\"elementor-column elementor-col-100 elementor-top-column elementor-element elementor-element-1f847a0\" data-id=\"1f847a0\" data-element_type=\"column\">\n\t\t\t<div class=\"elementor-column-wrap elementor-element-populated\">\n\t\t\t\t\t\t\t<div class=\"elementor-widget-wrap\">\n\t\t\t\t\t\t<div class=\"elementor-element elementor-element-862101b elementor-align-center elementor-widget elementor-widget-button\" data-id=\"862101b\" data-element_type=\"widget\" data-widget_type=\"button.default\">\n\t\t\t\t<div class=\"elementor-widget-container\">\n\t\t\t\t\t<div class=\"elementor-button-wrapper\">\n\t\t\t<a class=\"elementor-button elementor-button-link elementor-size-sm\" href=\"https:\/\/drlopezrios.com\/drlopezrios\/adolfo-lopez-en\/\">\n\t\t\t\t\t\t<span class=\"elementor-button-content-wrapper\">\n\t\t\t\t\t\t<span class=\"elementor-button-text\">Back<\/span>\n\t\t<\/span>\n\t\t\t\t\t<\/a>\n\t\t<\/div>\n\t\t\t\t<\/div>\n\t\t\t\t<\/div>\n\t\t\t\t\t\t<\/div>\n\t\t\t\t\t<\/div>\n\t\t<\/div>\n\t\t\t\t\t\t\t\t<\/div>\n\t\t\t\t\t<\/div>\n\t\t<\/section>\n\t\t\t\t<section class=\"elementor-section elementor-top-section elementor-element elementor-element-3c5c5ff elementor-section-boxed elementor-section-height-default elementor-section-height-default\" data-id=\"3c5c5ff\" data-element_type=\"section\">\n\t\t\t\t\t\t<div class=\"elementor-container elementor-column-gap-default\">\n\t\t\t\t\t\t\t<div class=\"elementor-row\">\n\t\t\t\t\t<div class=\"elementor-column elementor-col-100 elementor-top-column elementor-element elementor-element-b159fc1\" data-id=\"b159fc1\" data-element_type=\"column\">\n\t\t\t<div class=\"elementor-column-wrap elementor-element-populated\">\n\t\t\t\t\t\t\t<div class=\"elementor-widget-wrap\">\n\t\t\t\t\t\t<div class=\"elementor-element elementor-element-2af9814 elementor-widget-divider--view-line elementor-widget elementor-widget-divider\" data-id=\"2af9814\" data-element_type=\"widget\" data-widget_type=\"divider.default\">\n\t\t\t\t<div class=\"elementor-widget-container\">\n\t\t\t\t\t<div class=\"elementor-divider\">\n\t\t\t<span class=\"elementor-divider-separator\">\n\t\t\t\t\t\t<\/span>\n\t\t<\/div>\n\t\t\t\t<\/div>\n\t\t\t\t<\/div>\n\t\t\t\t\t\t<\/div>\n\t\t\t\t\t<\/div>\n\t\t<\/div>\n\t\t\t\t\t\t\t\t<\/div>\n\t\t\t\t\t<\/div>\n\t\t<\/section>\n\t\t\t\t\t\t\t\t\t<\/div>\n\t\t\t<\/div>\n\t\t\t\t\t<\/div>\n\t\t","protected":false},"excerpt":{"rendered":"<p>EDUCATIONAL AWARDS Dr. Adolfo Alejandro L\u00f3pez Rios Dr. Adolfo Alejandro Lopez Rios Resumen profesional Empleo actual Empleos previos Educaci\u00f3n Empleos acad\u00e9micos Visitas cl\u00ednicas o pasant\u00edas Premios acad\u00e9micos Experiencia m\u00e9dica Experiencia investigativa Afiliaciones acad\u00e9micas Cursos y reuniones acad\u00e9micas Voluntariados Licencias \u2013 Ex\u00e1menes m\u00e9dicos y de Ingl\u00e9s Scholarship Guillermo Velasquez Tangarife University of Antioquia, Medellin, Colombia, 2001. &hellip;<\/p>\n<p class=\"read-more\"> <a class=\"\" href=\"https:\/\/drlopezrios.com\/en\/educational-awards\/\"> <span class=\"screen-reader-text\">Educational Awards<\/span> Read More &raquo;<\/a><\/p>\n","protected":false},"author":2,"featured_media":0,"parent":0,"menu_order":0,"comment_status":"closed","ping_status":"closed","template":"","meta":{"site-sidebar-layout":"no-sidebar","site-content-layout":"page-builder","ast-global-header-display":"","ast-banner-title-visibility":"","ast-main-header-display":"","ast-hfb-above-header-display":"","ast-hfb-below-header-display":"","ast-hfb-mobile-header-display":"","site-post-title":"disabled","ast-breadcrumbs-content":"","ast-featured-img":"disabled","footer-sml-layout":"","theme-transparent-header-meta":"","adv-header-id-meta":"","stick-header-meta":"","header-above-stick-meta":"","header-main-stick-meta":"","header-below-stick-meta":""},"meta_box":[],"_links":{"self":[{"href":"https:\/\/drlopezrios.com\/en\/wp-json\/wp\/v2\/pages\/8494"}],"collection":[{"href":"https:\/\/drlopezrios.com\/en\/wp-json\/wp\/v2\/pages"}],"about":[{"href":"https:\/\/drlopezrios.com\/en\/wp-json\/wp\/v2\/types\/page"}],"author":[{"embeddable":true,"href":"https:\/\/drlopezrios.com\/en\/wp-json\/wp\/v2\/users\/2"}],"replies":[{"embeddable":true,"href":"https:\/\/drlopezrios.com\/en\/wp-json\/wp\/v2\/comments?post=8494"}],"version-history":[{"count":4,"href":"https:\/\/drlopezrios.com\/en\/wp-json\/wp\/v2\/pages\/8494\/revisions"}],"predecessor-version":[{"id":9234,"href":"https:\/\/drlopezrios.com\/en\/wp-json\/wp\/v2\/pages\/8494\/revisions\/9234"}],"wp:attachment":[{"href":"https:\/\/drlopezrios.com\/en\/wp-json\/wp\/v2\/media?parent=8494"}],"curies":[{"name":"wp","href":"https:\/\/api.w.org\/{rel}","templated":true}]}}