{"id":8511,"date":"2020-12-02T21:49:20","date_gmt":"2020-12-02T21:49:20","guid":{"rendered":"https:\/\/drlopezrios.com\/drlopezrios\/dr-adolfo-alejandro-lopez-rios-2\/"},"modified":"2023-06-22T16:45:37","modified_gmt":"2023-06-22T16:45:37","slug":"dr-adolfo-alejandro-lopez-rios-2","status":"publish","type":"page","link":"https:\/\/drlopezrios.com\/en\/drlopezrios\/dr-adolfo-alejandro-lopez-rios-2\/","title":{"rendered":"Dr. Adolfo Alejandro Lopez Rios"},"content":{"rendered":"\t\t<div data-elementor-type=\"wp-page\" data-elementor-id=\"8511\" class=\"elementor elementor-8511 elementor-1012\">\n\t\t\t\t\t\t<div class=\"elementor-inner\">\n\t\t\t\t<div class=\"elementor-section-wrap\">\n\t\t\t\t\t\t\t\t\t<section class=\"elementor-section elementor-top-section elementor-element elementor-element-889b176 elementor-section-height-min-height elementor-section-boxed elementor-section-height-default elementor-section-items-middle\" data-id=\"889b176\" data-element_type=\"section\" data-settings=\"{&quot;background_background&quot;:&quot;classic&quot;}\">\n\t\t\t\t\t\t\t<div class=\"elementor-background-overlay\"><\/div>\n\t\t\t\t\t\t\t<div class=\"elementor-container elementor-column-gap-default\">\n\t\t\t\t\t\t\t<div class=\"elementor-row\">\n\t\t\t\t\t<div class=\"elementor-column elementor-col-100 elementor-top-column elementor-element elementor-element-a683436\" data-id=\"a683436\" data-element_type=\"column\">\n\t\t\t<div class=\"elementor-column-wrap elementor-element-populated\">\n\t\t\t\t\t\t\t<div class=\"elementor-widget-wrap\">\n\t\t\t\t\t\t<div class=\"elementor-element elementor-element-2f51ec0 elementor-widget elementor-widget-heading\" data-id=\"2f51ec0\" data-element_type=\"widget\" data-widget_type=\"heading.default\">\n\t\t\t\t<div class=\"elementor-widget-container\">\n\t\t\t<h1 class=\"elementor-heading-title elementor-size-default\">Dr. Adolfo Alejandro Lopez Rios<\/h1>\t\t<\/div>\n\t\t\t\t<\/div>\n\t\t\t\t<div class=\"elementor-element elementor-element-91d4683 elementor-widget elementor-widget-text-editor\" data-id=\"91d4683\" data-element_type=\"widget\" data-widget_type=\"text-editor.default\">\n\t\t\t\t<div class=\"elementor-widget-container\">\n\t\t\t\t\t\t\t\t<div class=\"elementor-text-editor elementor-clearfix\">\n\t\t\t\t<p><strong>Medical Doctor| Resident Physician | <\/strong><strong>Division of Plastic Surgery | The Ottawa Hospital | <\/strong><strong>University of Ottawa, Canada.<\/strong><\/p><p>Medical Doctor and Plastic Surgeon from University of Antioquia, Medell\u00edn, Colombia.<\/p>\t\t\t\t\t<\/div>\n\t\t\t\t\t\t<\/div>\n\t\t\t\t<\/div>\n\t\t\t\t\t\t<\/div>\n\t\t\t\t\t<\/div>\n\t\t<\/div>\n\t\t\t\t\t\t\t\t<\/div>\n\t\t\t\t\t<\/div>\n\t\t<\/section>\n\t\t\t\t<section class=\"elementor-section elementor-top-section elementor-element elementor-element-072c5f9 elementor-section-boxed elementor-section-height-default elementor-section-height-default\" data-id=\"072c5f9\" data-element_type=\"section\">\n\t\t\t\t\t\t<div class=\"elementor-container elementor-column-gap-no\">\n\t\t\t\t\t\t\t<div class=\"elementor-row\">\n\t\t\t\t\t<div class=\"elementor-column elementor-col-100 elementor-top-column elementor-element elementor-element-a074ebf\" data-id=\"a074ebf\" data-element_type=\"column\">\n\t\t\t<div class=\"elementor-column-wrap elementor-element-populated\">\n\t\t\t\t\t\t\t<div class=\"elementor-widget-wrap\">\n\t\t\t\t\t\t<div class=\"elementor-element elementor-element-5c5b8bf elementor-widget elementor-widget-spacer\" data-id=\"5c5b8bf\" data-element_type=\"widget\" data-widget_type=\"spacer.default\">\n\t\t\t\t<div class=\"elementor-widget-container\">\n\t\t\t\t\t<div class=\"elementor-spacer\">\n\t\t\t<div class=\"elementor-spacer-inner\"><\/div>\n\t\t<\/div>\n\t\t\t\t<\/div>\n\t\t\t\t<\/div>\n\t\t\t\t\t\t<\/div>\n\t\t\t\t\t<\/div>\n\t\t<\/div>\n\t\t\t\t\t\t\t\t<\/div>\n\t\t\t\t\t<\/div>\n\t\t<\/section>\n\t\t\t\t<section class=\"elementor-section elementor-top-section elementor-element elementor-element-627626d elementor-section-boxed elementor-section-height-default elementor-section-height-default\" data-id=\"627626d\" data-element_type=\"section\">\n\t\t\t\t\t\t<div class=\"elementor-container elementor-column-gap-default\">\n\t\t\t\t\t\t\t<div class=\"elementor-row\">\n\t\t\t\t\t<div class=\"elementor-column elementor-col-50 elementor-top-column elementor-element elementor-element-f45280b\" data-id=\"f45280b\" data-element_type=\"column\">\n\t\t\t<div class=\"elementor-column-wrap elementor-element-populated\">\n\t\t\t\t\t\t\t<div class=\"elementor-widget-wrap\">\n\t\t\t\t\t\t<div class=\"elementor-element elementor-element-806830f elementor-widget elementor-widget-jet-custom-menu\" data-id=\"806830f\" data-element_type=\"widget\" data-widget_type=\"jet-custom-menu.default\">\n\t\t\t\t<div class=\"elementor-widget-container\">\n\t\t\t<div class=\"menu-custom-resume-cv-ingles-container\"><div class=\"jet-custom-nav jet-custom-nav--dropdown-right-side jet-custom-nav--animation-fade\"><div class=\"menu-item menu-item-type-post_type menu-item-object-page jet-custom-nav__item jet-custom-nav__item-8554\"><a href=\"https:\/\/drlopezrios.com\/en\/drlopezrios\/dr-adolfo-alejandro-lopez-rios-2\/\" class=\"jet-custom-nav__item-link menu-link\"><span class=\"jet-menu-link-text\"><span class=\"jet-custom-item-label top-level-label\">Dr. Adolfo Alejandro Lopez Rios<\/span><\/span><\/a><\/div>\n<div class=\"menu-item menu-item-type-post_type menu-item-object-page jet-custom-nav__item jet-custom-nav__item-8555\"><a href=\"https:\/\/drlopezrios.com\/en\/professional-summary\/\" class=\"jet-custom-nav__item-link menu-link\"><span class=\"jet-menu-link-text\"><span class=\"jet-custom-item-label top-level-label\">Professional Summary<\/span><\/span><\/a><\/div>\n<div class=\"menu-item menu-item-type-post_type menu-item-object-page jet-custom-nav__item jet-custom-nav__item-8556\"><a href=\"https:\/\/drlopezrios.com\/en\/current-appointments\/\" class=\"jet-custom-nav__item-link menu-link\"><span class=\"jet-menu-link-text\"><span class=\"jet-custom-item-label top-level-label\">Current appointments<\/span><\/span><\/a><\/div>\n<div class=\"menu-item menu-item-type-post_type menu-item-object-page jet-custom-nav__item jet-custom-nav__item-8557\"><a href=\"https:\/\/drlopezrios.com\/en\/previous-appointments\/\" class=\"jet-custom-nav__item-link menu-link\"><span class=\"jet-menu-link-text\"><span class=\"jet-custom-item-label top-level-label\">Previous appointments<\/span><\/span><\/a><\/div>\n<div class=\"menu-item menu-item-type-post_type menu-item-object-page jet-custom-nav__item jet-custom-nav__item-8558\"><a href=\"https:\/\/drlopezrios.com\/en\/education\/\" class=\"jet-custom-nav__item-link menu-link\"><span class=\"jet-menu-link-text\"><span class=\"jet-custom-item-label top-level-label\">Education<\/span><\/span><\/a><\/div>\n<div class=\"menu-item menu-item-type-post_type menu-item-object-page jet-custom-nav__item jet-custom-nav__item-8559\"><a href=\"https:\/\/drlopezrios.com\/en\/academic-appointments\/\" class=\"jet-custom-nav__item-link menu-link\"><span class=\"jet-menu-link-text\"><span class=\"jet-custom-item-label top-level-label\">Academic appointments<\/span><\/span><\/a><\/div>\n<div class=\"menu-item menu-item-type-post_type menu-item-object-page jet-custom-nav__item jet-custom-nav__item-8560\"><a href=\"https:\/\/drlopezrios.com\/en\/observerships\/\" class=\"jet-custom-nav__item-link menu-link\"><span class=\"jet-menu-link-text\"><span class=\"jet-custom-item-label top-level-label\">Observerships<\/span><\/span><\/a><\/div>\n<div class=\"menu-item menu-item-type-post_type menu-item-object-page jet-custom-nav__item jet-custom-nav__item-8561\"><a href=\"https:\/\/drlopezrios.com\/en\/educational-awards\/\" class=\"jet-custom-nav__item-link menu-link\"><span class=\"jet-menu-link-text\"><span class=\"jet-custom-item-label top-level-label\">Educational Awards<\/span><\/span><\/a><\/div>\n<div class=\"menu-item menu-item-type-post_type menu-item-object-page jet-custom-nav__item jet-custom-nav__item-8562\"><a href=\"https:\/\/drlopezrios.com\/en\/medical-practice-experience\/\" class=\"jet-custom-nav__item-link menu-link\"><span class=\"jet-menu-link-text\"><span class=\"jet-custom-item-label top-level-label\">Medical practice experience<\/span><\/span><\/a><\/div>\n<div class=\"menu-item menu-item-type-post_type menu-item-object-page jet-custom-nav__item jet-custom-nav__item-8563\"><a href=\"https:\/\/drlopezrios.com\/en\/scholarly-activities-and-research-experience\/\" class=\"jet-custom-nav__item-link menu-link\"><span class=\"jet-menu-link-text\"><span class=\"jet-custom-item-label top-level-label\">Scholarly activities and research experience<\/span><\/span><\/a><\/div>\n<div class=\"menu-item menu-item-type-post_type menu-item-object-page jet-custom-nav__item jet-custom-nav__item-8564\"><a href=\"https:\/\/drlopezrios.com\/en\/affiliations\/\" class=\"jet-custom-nav__item-link menu-link\"><span class=\"jet-menu-link-text\"><span class=\"jet-custom-item-label top-level-label\">Affiliations<\/span><\/span><\/a><\/div>\n<div class=\"menu-item menu-item-type-post_type menu-item-object-page jet-custom-nav__item jet-custom-nav__item-8565\"><a href=\"https:\/\/drlopezrios.com\/en\/courses-and-meetings-attended\/\" class=\"jet-custom-nav__item-link menu-link\"><span class=\"jet-menu-link-text\"><span class=\"jet-custom-item-label top-level-label\">Courses and meetings attended<\/span><\/span><\/a><\/div>\n<div class=\"menu-item menu-item-type-post_type menu-item-object-page jet-custom-nav__item jet-custom-nav__item-8566\"><a href=\"https:\/\/drlopezrios.com\/en\/volunteer-experience\/\" class=\"jet-custom-nav__item-link menu-link\"><span class=\"jet-menu-link-text\"><span class=\"jet-custom-item-label top-level-label\">Volunteer experience<\/span><\/span><\/a><\/div>\n<div class=\"menu-item menu-item-type-post_type menu-item-object-page jet-custom-nav__item jet-custom-nav__item-8567\"><a href=\"https:\/\/drlopezrios.com\/en\/licenses-mcc-examinations-english-proficiency\/\" class=\"jet-custom-nav__item-link menu-link\"><span class=\"jet-menu-link-text\"><span class=\"jet-custom-item-label top-level-label\">Licenses \u2013 MCC examinations<\/span><\/span><\/a><\/div>\n<\/div><\/div>\t\t<\/div>\n\t\t\t\t<\/div>\n\t\t\t\t<div class=\"elementor-element elementor-element-0eacce6 elementor-widget elementor-widget-image\" data-id=\"0eacce6\" data-element_type=\"widget\" data-widget_type=\"image.default\">\n\t\t\t\t<div class=\"elementor-widget-container\">\n\t\t\t\t\t\t\t\t<div class=\"elementor-image\">\n\t\t\t\t\t\t\t\t\t\t\t\t<img decoding=\"async\" width=\"479\" height=\"468\" src=\"https:\/\/drlopezrios.com\/wp-content\/uploads\/2020\/11\/dralejandro-home.jpeg\" class=\"attachment-large size-large wp-image-123\" alt=\"\" loading=\"lazy\" srcset=\"https:\/\/drlopezrios.com\/wp-content\/uploads\/2020\/11\/dralejandro-home.jpeg 479w, https:\/\/drlopezrios.com\/wp-content\/uploads\/2020\/11\/dralejandro-home-300x293.jpeg 300w\" sizes=\"(max-width: 479px) 100vw, 479px\" \/>\t\t\t\t\t\t\t\t\t\t\t\t\t\t<\/div>\n\t\t\t\t\t\t<\/div>\n\t\t\t\t<\/div>\n\t\t\t\t<div class=\"elementor-element elementor-element-baa1eef elementor-widget elementor-widget-spacer\" data-id=\"baa1eef\" data-element_type=\"widget\" data-widget_type=\"spacer.default\">\n\t\t\t\t<div class=\"elementor-widget-container\">\n\t\t\t\t\t<div class=\"elementor-spacer\">\n\t\t\t<div class=\"elementor-spacer-inner\"><\/div>\n\t\t<\/div>\n\t\t\t\t<\/div>\n\t\t\t\t<\/div>\n\t\t\t\t\t\t<\/div>\n\t\t\t\t\t<\/div>\n\t\t<\/div>\n\t\t\t\t<div class=\"elementor-column elementor-col-50 elementor-top-column elementor-element elementor-element-8a56c75\" data-id=\"8a56c75\" data-element_type=\"column\">\n\t\t\t<div class=\"elementor-column-wrap elementor-element-populated\">\n\t\t\t\t\t\t\t<div class=\"elementor-widget-wrap\">\n\t\t\t\t\t\t<div class=\"elementor-element elementor-element-a568013 elementor-align-center elementor-widget elementor-widget-button\" data-id=\"a568013\" data-element_type=\"widget\" data-widget_type=\"button.default\">\n\t\t\t\t<div class=\"elementor-widget-container\">\n\t\t\t\t\t<div class=\"elementor-button-wrapper\">\n\t\t\t<a class=\"elementor-button elementor-button-link elementor-size-sm\" href=\"https:\/\/drlopezrios.com\/drlopezrios\/adolfo-lopez-es\/\">\n\t\t\t\t\t\t<span class=\"elementor-button-content-wrapper\">\n\t\t\t\t\t\t<span class=\"elementor-button-text\">VER HOJA DE VIDA EN ESPA\u00d1OL<\/span>\n\t\t<\/span>\n\t\t\t\t\t<\/a>\n\t\t<\/div>\n\t\t\t\t<\/div>\n\t\t\t\t<\/div>\n\t\t\t\t<div class=\"elementor-element elementor-element-b9c8a72 elementor-widget elementor-widget-spacer\" data-id=\"b9c8a72\" data-element_type=\"widget\" data-widget_type=\"spacer.default\">\n\t\t\t\t<div class=\"elementor-widget-container\">\n\t\t\t\t\t<div class=\"elementor-spacer\">\n\t\t\t<div class=\"elementor-spacer-inner\"><\/div>\n\t\t<\/div>\n\t\t\t\t<\/div>\n\t\t\t\t<\/div>\n\t\t\t\t<div class=\"elementor-element elementor-element-24007a7 elementor-widget elementor-widget-heading\" data-id=\"24007a7\" data-element_type=\"widget\" data-widget_type=\"heading.default\">\n\t\t\t\t<div class=\"elementor-widget-container\">\n\t\t\t<h3 class=\"elementor-heading-title elementor-size-default\">Dr. Adolfo Alejandro L\u00f3pez Rios<\/h3>\t\t<\/div>\n\t\t\t\t<\/div>\n\t\t\t\t<div class=\"elementor-element elementor-element-aa31146 elementor-widget elementor-widget-text-editor\" data-id=\"aa31146\" data-element_type=\"widget\" data-widget_type=\"text-editor.default\">\n\t\t\t\t<div class=\"elementor-widget-container\">\n\t\t\t\t\t\t\t\t<div class=\"elementor-text-editor elementor-clearfix\">\n\t\t\t\t<p>Medical Doctor, Resident Physician &#8211;<a href=\"https:\/\/uofoplasticsurgery.com\/division-of-plastic-surgery\/\" target=\"_blank\" rel=\"noopener\">Division of Plastic Surgery<\/a>, The Ottawa Hospital, University of Ottawa, Canada.<\/p><p>International Medical Graduate (IMG) &#8211; <a href=\"http:\/\/medicina.udea.edu.co\/\" target=\"_blank\" rel=\"noopener noreferrer\">University of Antioquia<\/a>, Medellin, Colombia.<br \/>Plastic, Maxilofacial and Hand surgeon &#8211; <a href=\"http:\/\/medicina.udea.edu.co\/\" target=\"_blank\" rel=\"noopener noreferrer\">University of Antioquia<\/a>, Medellin, Colombia.<\/p>\t\t\t\t\t<\/div>\n\t\t\t\t\t\t<\/div>\n\t\t\t\t<\/div>\n\t\t\t\t<div class=\"elementor-element elementor-element-2e41554 elementor-widget elementor-widget-heading\" data-id=\"2e41554\" data-element_type=\"widget\" data-widget_type=\"heading.default\">\n\t\t\t\t<div class=\"elementor-widget-container\">\n\t\t\t<h3 class=\"elementor-heading-title elementor-size-default\">\nProfessional Summary<\/h3>\t\t<\/div>\n\t\t\t\t<\/div>\n\t\t\t\t<div class=\"elementor-element elementor-element-1754152 elementor-widget elementor-widget-text-editor\" data-id=\"1754152\" data-element_type=\"widget\" data-widget_type=\"text-editor.default\">\n\t\t\t\t<div class=\"elementor-widget-container\">\n\t\t\t\t\t\t\t\t<div class=\"elementor-text-editor elementor-clearfix\">\n\t\t\t\t<p>Training, leadership skills, team working, goal oriented, hard working, passionate about research, good listener, strong ability and willingness to learn new things. Dedicated and problem resolver.<\/p>\n<p>I am a highly skilled International Medical Graduate with remarkable academic credentials and extensive relevant experience in Plastic, Aesthetic, Maxillofacial and Hand Surgery. I have leadership skills with health care professionals, residents and medical students.<\/p>\n<p>I complement my surgical practice as a Research coordinator III or expert Surgical Analyst. My mission is help to improve the quality of health care system through my deep analysis of specific escenarios in the health sector.<\/p>\n\t\t\t\t\t<\/div>\n\t\t\t\t\t\t<\/div>\n\t\t\t\t<\/div>\n\t\t\t\t<div class=\"elementor-element elementor-element-26eea96 elementor-widget elementor-widget-image\" data-id=\"26eea96\" data-element_type=\"widget\" data-widget_type=\"image.default\">\n\t\t\t\t<div class=\"elementor-widget-container\">\n\t\t\t\t\t\t\t\t<div class=\"elementor-image\">\n\t\t\t\t\t\t\t\t\t\t\t\t<img decoding=\"async\" width=\"400\" height=\"100\" src=\"https:\/\/drlopezrios.com\/wp-content\/uploads\/2020\/12\/fitma-adolfo.png\" class=\"attachment-large size-large wp-image-1064\" alt=\"\" loading=\"lazy\" srcset=\"https:\/\/drlopezrios.com\/wp-content\/uploads\/2020\/12\/fitma-adolfo.png 400w, https:\/\/drlopezrios.com\/wp-content\/uploads\/2020\/12\/fitma-adolfo-300x75.png 300w\" sizes=\"(max-width: 400px) 100vw, 400px\" \/>\t\t\t\t\t\t\t\t\t\t\t\t\t\t<\/div>\n\t\t\t\t\t\t<\/div>\n\t\t\t\t<\/div>\n\t\t\t\t<div class=\"elementor-element elementor-element-e92f663 elementor-widget elementor-widget-text-editor\" data-id=\"e92f663\" data-element_type=\"widget\" data-widget_type=\"text-editor.default\">\n\t\t\t\t<div class=\"elementor-widget-container\">\n\t\t\t\t\t\t\t\t<div class=\"elementor-text-editor elementor-clearfix\">\n\t\t\t\t<div class=\"wpb_text_column wpb_content_element \"><div class=\"wpb_wrapper\"><p><strong>ADOLFO ALEJANDRO LOPEZ RIOS. MD.<br \/><\/strong><strong>PLASTIC SURGEON.<br \/><\/strong><strong>UNIVERSITY OF ANTIOQUIA.<br \/><\/strong><strong>MEDELLIN, COLOMBIA.<br \/><\/strong><strong><a href=\"mailto:Alopezr0@yahoo.com\" target=\"_blank\" rel=\"noopener noreferrer\">drlopezrios@pqx.com.co<\/a><\/strong><\/p><\/div><\/div>\t\t\t\t\t<\/div>\n\t\t\t\t\t\t<\/div>\n\t\t\t\t<\/div>\n\t\t\t\t<div class=\"elementor-element elementor-element-90b2e30 elementor-widget elementor-widget-text-editor\" data-id=\"90b2e30\" data-element_type=\"widget\" data-widget_type=\"text-editor.default\">\n\t\t\t\t<div class=\"elementor-widget-container\">\n\t\t\t\t\t\t\t\t<div class=\"elementor-text-editor elementor-clearfix\">\n\t\t\t\t<p><strong>Update: June 22nd, 2023.\u00a0<\/strong><\/p>\t\t\t\t\t<\/div>\n\t\t\t\t\t\t<\/div>\n\t\t\t\t<\/div>\n\t\t\t\t<div class=\"elementor-element elementor-element-3f1d868 e-grid-align-left e-grid-align-mobile-left elementor-shape-circle elementor-grid-0 elementor-widget elementor-widget-social-icons\" data-id=\"3f1d868\" data-element_type=\"widget\" data-widget_type=\"social-icons.default\">\n\t\t\t\t<div class=\"elementor-widget-container\">\n\t\t\t\t\t<div class=\"elementor-social-icons-wrapper elementor-grid\">\n\t\t\t\t\t\t\t<span class=\"elementor-grid-item\">\n\t\t\t\t\t<a class=\"elementor-icon elementor-social-icon elementor-social-icon-facebook-f elementor-repeater-item-0267196\" href=\"https:\/\/www.facebook.com\/dradolfolopezrios\/\" target=\"_blank\">\n\t\t\t\t\t\t<span class=\"elementor-screen-only\">Facebook-f<\/span>\n\t\t\t\t\t\t<i class=\"fab fa-facebook-f\"><\/i>\t\t\t\t\t<\/a>\n\t\t\t\t<\/span>\n\t\t\t\t\t\t\t<span class=\"elementor-grid-item\">\n\t\t\t\t\t<a class=\"elementor-icon elementor-social-icon elementor-social-icon-instagram elementor-repeater-item-0e260c9\" href=\"https:\/\/www.instagram.com\/drlopezrios\/\" target=\"_blank\">\n\t\t\t\t\t\t<span class=\"elementor-screen-only\">Instagram<\/span>\n\t\t\t\t\t\t<i class=\"fab fa-instagram\"><\/i>\t\t\t\t\t<\/a>\n\t\t\t\t<\/span>\n\t\t\t\t\t\t\t<span class=\"elementor-grid-item\">\n\t\t\t\t\t<a class=\"elementor-icon elementor-social-icon elementor-social-icon-youtube elementor-repeater-item-dbaeb71\" href=\"https:\/\/www.youtube.com\/channel\/UCNXaoWrZHWP6_tOBPkm87hw\" target=\"_blank\">\n\t\t\t\t\t\t<span class=\"elementor-screen-only\">Youtube<\/span>\n\t\t\t\t\t\t<i class=\"fab fa-youtube\"><\/i>\t\t\t\t\t<\/a>\n\t\t\t\t<\/span>\n\t\t\t\t\t\t\t<span class=\"elementor-grid-item\">\n\t\t\t\t\t<a class=\"elementor-icon elementor-social-icon elementor-social-icon-linkedin-in elementor-repeater-item-d2d5c50\" href=\"https:\/\/www.linkedin.com\/in\/drlopezrios\/\" target=\"_blank\">\n\t\t\t\t\t\t<span class=\"elementor-screen-only\">Linkedin-in<\/span>\n\t\t\t\t\t\t<i class=\"fab fa-linkedin-in\"><\/i>\t\t\t\t\t<\/a>\n\t\t\t\t<\/span>\n\t\t\t\t\t<\/div>\n\t\t\t\t<\/div>\n\t\t\t\t<\/div>\n\t\t\t\t\t\t<\/div>\n\t\t\t\t\t<\/div>\n\t\t<\/div>\n\t\t\t\t\t\t\t\t<\/div>\n\t\t\t\t\t<\/div>\n\t\t<\/section>\n\t\t\t\t\t\t\t\t\t<\/div>\n\t\t\t<\/div>\n\t\t\t\t\t<\/div>\n\t\t","protected":false},"excerpt":{"rendered":"<p>Dr. Adolfo Alejandro Lopez Rios Medical Doctor| Resident Physician | Division of Plastic Surgery | The Ottawa Hospital | University of Ottawa, Canada. Medical Doctor and Plastic Surgeon from University of Antioquia, Medell\u00edn, Colombia. Dr. Adolfo Alejandro Lopez Rios Resumen profesional Empleo actual Empleos previos Educaci\u00f3n Empleos acad\u00e9micos Visitas cl\u00ednicas o pasant\u00edas Premios acad\u00e9micos Experiencia &hellip;<\/p>\n<p class=\"read-more\"> <a class=\"\" href=\"https:\/\/drlopezrios.com\/en\/drlopezrios\/dr-adolfo-alejandro-lopez-rios-2\/\"> <span class=\"screen-reader-text\">Dr. Adolfo Alejandro Lopez Rios<\/span> Read More &raquo;<\/a><\/p>\n","protected":false},"author":1,"featured_media":0,"parent":8500,"menu_order":0,"comment_status":"closed","ping_status":"closed","template":"","meta":{"site-sidebar-layout":"no-sidebar","site-content-layout":"page-builder","ast-global-header-display":"","ast-banner-title-visibility":"","ast-main-header-display":"","ast-hfb-above-header-display":"","ast-hfb-below-header-display":"","ast-hfb-mobile-header-display":"","site-post-title":"disabled","ast-breadcrumbs-content":"","ast-featured-img":"disabled","footer-sml-layout":"","theme-transparent-header-meta":"default","adv-header-id-meta":"","stick-header-meta":"","header-above-stick-meta":"","header-main-stick-meta":"","header-below-stick-meta":""},"meta_box":[],"_links":{"self":[{"href":"https:\/\/drlopezrios.com\/en\/wp-json\/wp\/v2\/pages\/8511"}],"collection":[{"href":"https:\/\/drlopezrios.com\/en\/wp-json\/wp\/v2\/pages"}],"about":[{"href":"https:\/\/drlopezrios.com\/en\/wp-json\/wp\/v2\/types\/page"}],"author":[{"embeddable":true,"href":"https:\/\/drlopezrios.com\/en\/wp-json\/wp\/v2\/users\/1"}],"replies":[{"embeddable":true,"href":"https:\/\/drlopezrios.com\/en\/wp-json\/wp\/v2\/comments?post=8511"}],"version-history":[{"count":13,"href":"https:\/\/drlopezrios.com\/en\/wp-json\/wp\/v2\/pages\/8511\/revisions"}],"predecessor-version":[{"id":9189,"href":"https:\/\/drlopezrios.com\/en\/wp-json\/wp\/v2\/pages\/8511\/revisions\/9189"}],"up":[{"embeddable":true,"href":"https:\/\/drlopezrios.com\/en\/wp-json\/wp\/v2\/pages\/8500"}],"wp:attachment":[{"href":"https:\/\/drlopezrios.com\/en\/wp-json\/wp\/v2\/media?parent=8511"}],"curies":[{"name":"wp","href":"https:\/\/api.w.org\/{rel}","templated":true}]}}